{"id":45,"date":"2020-10-29T17:24:55","date_gmt":"2020-10-29T16:24:55","guid":{"rendered":"http:\/\/www.aqua-leopard-778231.hostingersite.com\/?page_id=45"},"modified":"2020-11-11T12:40:29","modified_gmt":"2020-11-11T11:40:29","slug":"cloud","status":"publish","type":"page","link":"https:\/\/aqua-leopard-778231.hostingersite.com\/index.php\/cloud\/","title":{"rendered":"Cloud"},"content":{"rendered":"\n<p><\/p>\n\n\n<div id=\"pl-gb45-69fc2ca1cb325\"  class=\"panel-layout\" ><div id=\"pg-gb45-69fc2ca1cb325-0\"  class=\"panel-grid panel-no-style\" ><div id=\"pgc-gb45-69fc2ca1cb325-0-0\"  class=\"panel-grid-cell\" ><div id=\"panel-gb45-69fc2ca1cb325-0-0-0\" class=\"so-panel widget widget_sow-image panel-first-child panel-last-child\" data-index=\"0\" ><div\n\t\t\t\n\t\t\tclass=\"so-widget-sow-image so-widget-sow-image-default-8b5b6f678277-45\"\n\t\t\t\n\t\t>\n<div class=\"sow-image-container\">\n\t\t<img \n\tsrc=\"https:\/\/aqua-leopard-778231.hostingersite.com\/wp-content\/uploads\/2020\/11\/cloud-server.png\" width=\"800\" height=\"600\" srcset=\"https:\/\/aqua-leopard-778231.hostingersite.com\/wp-content\/uploads\/2020\/11\/cloud-server.png 800w, https:\/\/aqua-leopard-778231.hostingersite.com\/wp-content\/uploads\/2020\/11\/cloud-server-300x225.png 300w, https:\/\/aqua-leopard-778231.hostingersite.com\/wp-content\/uploads\/2020\/11\/cloud-server-768x576.png 768w\" sizes=\"(max-width: 800px) 100vw, 800px\" title=\"cloud server\" alt=\"\" \t\tclass=\"so-widget-image\"\/>\n\t<\/div>\n\n<\/div><\/div><\/div><div id=\"pgc-gb45-69fc2ca1cb325-0-1\"  class=\"panel-grid-cell\" ><div id=\"panel-gb45-69fc2ca1cb325-0-1-0\" class=\"so-panel widget widget_sow-editor panel-first-child panel-last-child\" data-index=\"1\" ><div\n\t\t\t\n\t\t\tclass=\"so-widget-sow-editor so-widget-sow-editor-base\"\n\t\t\t\n\t\t>\n<div class=\"siteorigin-widget-tinymce textwidget\">\n\t<p><strong>La soluzione in Cloud<\/strong>, e la soluzione che vi permetter\u00e0 tramite i server in cloud di accedere a jollymag tramite Browser o tramite sessione desktop remote, potrete accedere da qualsiasi parte vi troviate semplicemente avendo una connessione Internet affidabile e un dispositivo (PC \/ Tablet \/ Smartphone).<\/p>\n<\/div>\n<\/div><\/div><\/div><\/div><\/div>\n\n<p style=\"text-align: center;\"><strong>Questa soluzione si adatta a svariate realt\u00e0, vi facciamo alcuni esempi:<\/strong><\/p>\n\n<div id=\"pl-gb45-69fc2ca1cc2f2\"  class=\"panel-layout\" ><div id=\"pg-gb45-69fc2ca1cc2f2-0\"  class=\"panel-grid panel-has-style\" ><div class=\"panel-row-style panel-row-style-for-gb45-69fc2ca1cc2f2-0\" ><div id=\"pgc-gb45-69fc2ca1cc2f2-0-0\"  class=\"panel-grid-cell\" ><div id=\"panel-gb45-69fc2ca1cc2f2-0-0-0\" class=\"so-panel widget widget_sow-image panel-first-child panel-last-child\" data-index=\"0\" ><div\n\t\t\t\n\t\t\tclass=\"so-widget-sow-image so-widget-sow-image-default-8b5b6f678277-45\"\n\t\t\t\n\t\t>\n<div class=\"sow-image-container\">\n\t\t<img \n\tsrc=\"https:\/\/aqua-leopard-778231.hostingersite.com\/wp-content\/uploads\/2020\/11\/smart.jpg\" width=\"660\" height=\"368\" srcset=\"https:\/\/aqua-leopard-778231.hostingersite.com\/wp-content\/uploads\/2020\/11\/smart.jpg 660w, https:\/\/aqua-leopard-778231.hostingersite.com\/wp-content\/uploads\/2020\/11\/smart-300x167.jpg 300w\" sizes=\"(max-width: 660px) 100vw, 660px\" alt=\"\" \t\tclass=\"so-widget-image\"\/>\n\t<\/div>\n\n<\/div><\/div><\/div><div id=\"pgc-gb45-69fc2ca1cc2f2-0-1\"  class=\"panel-grid-cell\" ><div id=\"panel-gb45-69fc2ca1cc2f2-0-1-0\" class=\"so-panel widget widget_sow-editor panel-first-child panel-last-child\" data-index=\"1\" ><div class=\"panel-widget-style panel-widget-style-for-gb45-69fc2ca1cc2f2-0-1-0\" ><div\n\t\t\t\n\t\t\tclass=\"so-widget-sow-editor so-widget-sow-editor-base\"\n\t\t\t\n\t\t>\n<div class=\"siteorigin-widget-tinymce textwidget\">\n\t<p><strong>Smart Working<\/strong>, Con questo periodo di Pandemia la soluzione pi\u00f9 sicura e seguire il lavoro da casa, e non solo, incentivare i propri dipendenti a lavorare in sicurezza da casa senza correre alcun rischio.<\/p>\n<\/div>\n<\/div><\/div><\/div><\/div><\/div><\/div><div id=\"pg-gb45-69fc2ca1cc2f2-1\"  class=\"panel-grid panel-has-style\" ><div class=\"panel-row-style panel-row-style-for-gb45-69fc2ca1cc2f2-1\" ><div id=\"pgc-gb45-69fc2ca1cc2f2-1-0\"  class=\"panel-grid-cell\" ><div id=\"panel-gb45-69fc2ca1cc2f2-1-0-0\" class=\"so-panel widget widget_sow-image panel-first-child panel-last-child\" data-index=\"2\" ><div\n\t\t\t\n\t\t\tclass=\"so-widget-sow-image so-widget-sow-image-default-8b5b6f678277-45\"\n\t\t\t\n\t\t>\n<div class=\"sow-image-container\">\n\t\t<img \n\tsrc=\"https:\/\/aqua-leopard-778231.hostingersite.com\/wp-content\/uploads\/2020\/11\/agente.jpg\" width=\"650\" height=\"305\" srcset=\"https:\/\/aqua-leopard-778231.hostingersite.com\/wp-content\/uploads\/2020\/11\/agente.jpg 650w, https:\/\/aqua-leopard-778231.hostingersite.com\/wp-content\/uploads\/2020\/11\/agente-300x141.jpg 300w\" sizes=\"(max-width: 650px) 100vw, 650px\" alt=\"\" \t\tclass=\"so-widget-image\"\/>\n\t<\/div>\n\n<\/div><\/div><\/div><div id=\"pgc-gb45-69fc2ca1cc2f2-1-1\"  class=\"panel-grid-cell\" ><div id=\"panel-gb45-69fc2ca1cc2f2-1-1-0\" class=\"so-panel widget widget_sow-editor panel-first-child panel-last-child\" data-index=\"3\" ><div class=\"panel-widget-style panel-widget-style-for-gb45-69fc2ca1cc2f2-1-1-0\" ><div\n\t\t\t\n\t\t\tclass=\"so-widget-sow-editor so-widget-sow-editor-base\"\n\t\t\t\n\t\t>\n<div class=\"siteorigin-widget-tinymce textwidget\">\n\t<p><strong>Agenti di Commercio<\/strong>, Potranno recarsi presso il cliente ed effettuare una vendita consultando in tempo reale giacenze, disponibilit\u00e0,\u00a0 impegnando immediatamente gli articoli\u00a0 attraverso l&#8217;ordine e l&#8217;evasione della spedizione in tempo reale.<\/p>\n<\/div>\n<\/div><\/div><\/div><\/div><\/div><\/div><div id=\"pg-gb45-69fc2ca1cc2f2-2\"  class=\"panel-grid panel-has-style\" ><div class=\"panel-row-style panel-row-style-for-gb45-69fc2ca1cc2f2-2\" ><div id=\"pgc-gb45-69fc2ca1cc2f2-2-0\"  class=\"panel-grid-cell\" ><div id=\"panel-gb45-69fc2ca1cc2f2-2-0-0\" class=\"so-panel widget widget_sow-image panel-first-child panel-last-child\" data-index=\"4\" ><div\n\t\t\t\n\t\t\tclass=\"so-widget-sow-image so-widget-sow-image-default-8b5b6f678277-45\"\n\t\t\t\n\t\t>\n<div class=\"sow-image-container\">\n\t\t<img \n\tsrc=\"https:\/\/aqua-leopard-778231.hostingersite.com\/wp-content\/uploads\/2020\/11\/sedi.jpg\" width=\"1000\" height=\"674\" srcset=\"https:\/\/aqua-leopard-778231.hostingersite.com\/wp-content\/uploads\/2020\/11\/sedi.jpg 1000w, https:\/\/aqua-leopard-778231.hostingersite.com\/wp-content\/uploads\/2020\/11\/sedi-300x202.jpg 300w, https:\/\/aqua-leopard-778231.hostingersite.com\/wp-content\/uploads\/2020\/11\/sedi-768x518.jpg 768w, https:\/\/aqua-leopard-778231.hostingersite.com\/wp-content\/uploads\/2020\/11\/sedi-272x182.jpg 272w\" sizes=\"(max-width: 1000px) 100vw, 1000px\" alt=\"\" \t\tclass=\"so-widget-image\"\/>\n\t<\/div>\n\n<\/div><\/div><\/div><div id=\"pgc-gb45-69fc2ca1cc2f2-2-1\"  class=\"panel-grid-cell\" ><div id=\"panel-gb45-69fc2ca1cc2f2-2-1-0\" class=\"so-panel widget widget_sow-editor panel-first-child panel-last-child\" data-index=\"5\" ><div class=\"panel-widget-style panel-widget-style-for-gb45-69fc2ca1cc2f2-2-1-0\" ><div\n\t\t\t\n\t\t\tclass=\"so-widget-sow-editor so-widget-sow-editor-base\"\n\t\t\t\n\t\t>\n<div class=\"siteorigin-widget-tinymce textwidget\">\n\t<p><strong>Pi\u00f9 Negozi o Sedi<\/strong>,\u00a0 ogni punto vendita potr\u00e0 accedere a <strong>Jollymag<\/strong> attraverso il proprio PC al Server-Cloud agendo tutti sullo stesso archivio documenti\/magazzino e\u00a0 lavorare in completa autonomia , potr\u00e0 consultare giacenze e movimentazioni degli altri magazzini sapendo in tempo reale eventuali disponibilit\u00e0 presso qualsiasi punto; avere la gestione di pi\u00f9 magazzini e punti cassa con vendite e documenti personalizzati per le varie sedi consentendo una gestione capillare delle movimentazioni effettuate .<\/p>\n<p>&nbsp;<\/p>\n<\/div>\n<\/div><\/div><\/div><\/div><\/div><\/div><\/div>","protected":false},"excerpt":{"rendered":"<p>Questa soluzione si adatta a svariate realt\u00e0, vi facciamo alcuni esempi:<\/p>\n","protected":false},"author":1,"featured_media":0,"parent":0,"menu_order":0,"comment_status":"closed","ping_status":"closed","template":"","meta":{"footnotes":""},"_links":{"self":[{"href":"https:\/\/aqua-leopard-778231.hostingersite.com\/index.php\/wp-json\/wp\/v2\/pages\/45"}],"collection":[{"href":"https:\/\/aqua-leopard-778231.hostingersite.com\/index.php\/wp-json\/wp\/v2\/pages"}],"about":[{"href":"https:\/\/aqua-leopard-778231.hostingersite.com\/index.php\/wp-json\/wp\/v2\/types\/page"}],"author":[{"embeddable":true,"href":"https:\/\/aqua-leopard-778231.hostingersite.com\/index.php\/wp-json\/wp\/v2\/users\/1"}],"replies":[{"embeddable":true,"href":"https:\/\/aqua-leopard-778231.hostingersite.com\/index.php\/wp-json\/wp\/v2\/comments?post=45"}],"version-history":[{"count":27,"href":"https:\/\/aqua-leopard-778231.hostingersite.com\/index.php\/wp-json\/wp\/v2\/pages\/45\/revisions"}],"predecessor-version":[{"id":333,"href":"https:\/\/aqua-leopard-778231.hostingersite.com\/index.php\/wp-json\/wp\/v2\/pages\/45\/revisions\/333"}],"wp:attachment":[{"href":"https:\/\/aqua-leopard-778231.hostingersite.com\/index.php\/wp-json\/wp\/v2\/media?parent=45"}],"curies":[{"name":"wp","href":"https:\/\/api.w.org\/{rel}","templated":true}]}}